{"id":9,"date":"2024-09-17T09:03:46","date_gmt":"2024-09-17T09:03:46","guid":{"rendered":"https:\/\/boligtjekskagen.dk\/?page_id=9"},"modified":"2024-10-02T10:39:21","modified_gmt":"2024-10-02T10:39:21","slug":"boligtjek-aps-skagen","status":"publish","type":"page","link":"https:\/\/boligtjekskagen.dk\/","title":{"rendered":"Boligtjek ApS"},"content":{"rendered":"<p>[et_pb_section fb_built=&#8221;1&#8243; admin_label=&#8221;About&#8221; _builder_version=&#8221;4.25.1&#8243; _module_preset=&#8221;default&#8221; collapsed=&#8221;on&#8221; global_colors_info=&#8221;{}&#8221;][et_pb_row _builder_version=&#8221;4.25.1&#8243; _module_preset=&#8221;048d8e79-b07f-439b-bd57-f41c14f0a56b&#8221; global_colors_info=&#8221;{}&#8221;][et_pb_column type=&#8221;4_4&#8243; _builder_version=&#8221;4.25.1&#8243; _module_preset=&#8221;default&#8221; global_colors_info=&#8221;{}&#8221;][et_pb_heading title=&#8221;Om Os&#8221; _builder_version=&#8221;4.25.1&#8243; _module_preset=&#8221;c33f07d9-41e0-421a-8799-5799df695cce&#8221; global_colors_info=&#8221;{}&#8221;][\/et_pb_heading][et_pb_text _builder_version=&#8221;4.25.1&#8243; _module_preset=&#8221;2c55a9c4-feed-423b-9edb-ae0b5b365cac&#8221; global_colors_info=&#8221;{}&#8221;]<\/p>\n<p>Boligtjekskagen.dk er dedikeret til at levere pr\u00e6cise og p\u00e5lidelige tilstandsrapporter samt r\u00e5dgivningstjenester. Vores mission er at hj\u00e6lpe boligejere med at forst\u00e5 og forbedre deres ejendomme gennem professionelle vurderinger og ekspertise. Vi v\u00e6rds\u00e6tter integritet, kvalitet og kundetilfredshed i alt, hvad vi g\u00f8r.<\/p>\n<p>[\/et_pb_text][\/et_pb_column][\/et_pb_row][\/et_pb_section][et_pb_section fb_built=&#8221;1&#8243; admin_label=&#8221;Services&#8221; _builder_version=&#8221;4.18.0&#8243; _module_preset=&#8221;default&#8221; locked=&#8221;off&#8221; collapsed=&#8221;on&#8221; global_colors_info=&#8221;{}&#8221;][et_pb_row _builder_version=&#8221;4.18.0&#8243; _module_preset=&#8221;5138c454-be54-4233-bd3b-f8e6a8747976&#8243; custom_margin=&#8221;|auto|-10px|auto|false|false&#8221; locked=&#8221;off&#8221; global_colors_info=&#8221;{}&#8221;][et_pb_column type=&#8221;4_4&#8243; _builder_version=&#8221;4.18.0&#8243; _module_preset=&#8221;73121f80-a3ef-4484-8763-c3f18e3c56d2&#8243; global_colors_info=&#8221;{}&#8221;][et_pb_heading title=&#8221;Ekspert i din bolig&#8221; _builder_version=&#8221;4.24.2&#8243; _module_preset=&#8221;c33f07d9-41e0-421a-8799-5799df695cce&#8221; title_text_align=&#8221;center&#8221; global_colors_info=&#8221;{}&#8221;][\/et_pb_heading][\/et_pb_column][\/et_pb_row][et_pb_row column_structure=&#8221;1_4,1_4,1_4,1_4&#8243; custom_padding_last_edited=&#8221;on|tablet&#8221; _builder_version=&#8221;4.19.0&#8243; _module_preset=&#8221;5138c454-be54-4233-bd3b-f8e6a8747976&#8243; custom_padding_tablet=&#8221;||0px||false|false&#8221; custom_padding_phone=&#8221;||0px||false|false&#8221; global_colors_info=&#8221;{}&#8221;][et_pb_column type=&#8221;1_4&#8243; _builder_version=&#8221;4.18.0&#8243; _module_preset=&#8221;73121f80-a3ef-4484-8763-c3f18e3c56d2&#8243; global_colors_info=&#8221;{}&#8221;][et_pb_blurb title=&#8221;Tilstandsrapport&#8221; use_icon=&#8221;on&#8221; font_icon=&#8221;&#xf46d;||fa||900&#8243; icon_color=&#8221;gcid-secondary-color&#8221; _builder_version=&#8221;4.24.3&#8243; _module_preset=&#8221;212b201d-2c34-41bd-936c-851b7357d08b&#8221; global_colors_info=&#8221;{%22gcid-body-color%22:%91%22body_text_color%22,%22body_text_color%22%93,%22gcid-heading-color%22:%91%22header_text_color%22,%22header_text_color%22%93,%22gcid-secondary-color%22:%91%22icon_color%22%93}&#8221;]<\/p>\n<p>En omfattende rapport, der vurderer din boligs tilstand og identificerer eventuelle problemer.<\/p>\n<p>[\/et_pb_blurb][\/et_pb_column][et_pb_column type=&#8221;1_4&#8243; _builder_version=&#8221;4.18.0&#8243; _module_preset=&#8221;73121f80-a3ef-4484-8763-c3f18e3c56d2&#8243; global_colors_info=&#8221;{}&#8221;][et_pb_blurb title=&#8221;Energim\u00e6rke&#8221; use_icon=&#8221;on&#8221; font_icon=&#8221;&#xf200;||fa||900&#8243; icon_color=&#8221;gcid-secondary-color&#8221; _builder_version=&#8221;4.24.3&#8243; _module_preset=&#8221;212b201d-2c34-41bd-936c-851b7357d08b&#8221; locked=&#8221;off&#8221; global_colors_info=&#8221;{%22gcid-body-color%22:%91%22body_text_color%22,%22body_text_color%22%93,%22gcid-heading-color%22:%91%22header_text_color%22,%22header_text_color%22%93,%22gcid-secondary-color%22:%91%22icon_color%22%93}&#8221;]<\/p>\n<p>En vurdering af din boligs energieffektivitet, som kan hj\u00e6lpe med at reducere energiforbruget.<\/p>\n<p>[\/et_pb_blurb][\/et_pb_column][et_pb_column type=&#8221;1_4&#8243; _builder_version=&#8221;4.18.0&#8243; _module_preset=&#8221;73121f80-a3ef-4484-8763-c3f18e3c56d2&#8243; global_colors_info=&#8221;{}&#8221;][et_pb_blurb title=&#8221;K\u00f8berr\u00e5dgivning&#8221; use_icon=&#8221;on&#8221; font_icon=&#8221;&#xf509;||fa||900&#8243; icon_color=&#8221;gcid-secondary-color&#8221; _builder_version=&#8221;4.24.3&#8243; _module_preset=&#8221;212b201d-2c34-41bd-936c-851b7357d08b&#8221; locked=&#8221;off&#8221; global_colors_info=&#8221;{%22gcid-body-color%22:%91%22body_text_color%22,%22body_text_color%22%93,%22gcid-heading-color%22:%91%22header_text_color%22,%22header_text_color%22%93,%22gcid-secondary-color%22:%91%22icon_color%22%93}&#8221;]<\/p>\n<p>Professionel r\u00e5dgivning til k\u00f8bere, der \u00f8nsker at tr\u00e6ffe informerede beslutninger om ejendomsk\u00f8b.<\/p>\n<p>[\/et_pb_blurb][\/et_pb_column][et_pb_column type=&#8221;1_4&#8243; _builder_version=&#8221;4.18.0&#8243; _module_preset=&#8221;73121f80-a3ef-4484-8763-c3f18e3c56d2&#8243; global_colors_info=&#8221;{}&#8221;][et_pb_blurb title=&#8221;Bygherrer\u00e5dgivning&#8221; use_icon=&#8221;on&#8221; font_icon=&#8221;&#xf6e3;||fa||900&#8243; icon_color=&#8221;gcid-secondary-color&#8221; _builder_version=&#8221;4.24.3&#8243; _module_preset=&#8221;212b201d-2c34-41bd-936c-851b7357d08b&#8221; locked=&#8221;off&#8221; global_colors_info=&#8221;{%22gcid-body-color%22:%91%22body_text_color%22,%22body_text_color%22%93,%22gcid-heading-color%22:%91%22header_text_color%22,%22header_text_color%22%93,%22gcid-secondary-color%22:%91%22icon_color%22%93}&#8221;]<\/p>\n<p>Ekspertvejledning til bygherrer for at sikre, at byggeprojekter gennemf\u00f8res effektivt og med h\u00f8j kvalitet.<\/p>\n<p>[\/et_pb_blurb][\/et_pb_column][\/et_pb_row][et_pb_row column_structure=&#8221;1_4,1_4,1_4,1_4&#8243; custom_padding_last_edited=&#8221;on|tablet&#8221; _builder_version=&#8221;4.19.0&#8243; _module_preset=&#8221;5138c454-be54-4233-bd3b-f8e6a8747976&#8243; custom_padding_tablet=&#8221;||0px||false|false&#8221; custom_padding_phone=&#8221;||0px||false|false&#8221; global_colors_info=&#8221;{}&#8221;][et_pb_column type=&#8221;1_4&#8243; _builder_version=&#8221;4.18.0&#8243; _module_preset=&#8221;73121f80-a3ef-4484-8763-c3f18e3c56d2&#8243; global_colors_info=&#8221;{}&#8221;][et_pb_blurb title=&#8221;Vedligeholdelsesplan&#8221; use_icon=&#8221;on&#8221; font_icon=&#8221;&#xf7d9;||fa||900&#8243; icon_color=&#8221;gcid-secondary-color&#8221; _builder_version=&#8221;4.24.3&#8243; _module_preset=&#8221;212b201d-2c34-41bd-936c-851b7357d08b&#8221; global_colors_info=&#8221;{%22gcid-body-color%22:%91%22body_text_color%22,%22body_text_color%22%93,%22gcid-heading-color%22:%91%22header_text_color%22,%22header_text_color%22%93,%22gcid-secondary-color%22:%91%22icon_color%22%93}&#8221;]<\/p>\n<p>Udarbejdelse af detaljerede vedligeholdelsesplaner for at sikre, at din bolig forbliver i optimal stand.<\/p>\n<p>[\/et_pb_blurb][\/et_pb_column][et_pb_column type=&#8221;1_4&#8243; _builder_version=&#8221;4.18.0&#8243; _module_preset=&#8221;73121f80-a3ef-4484-8763-c3f18e3c56d2&#8243; global_colors_info=&#8221;{}&#8221;][et_pb_blurb title=&#8221;Termografi&#8221; use_icon=&#8221;on&#8221; font_icon=&#8221;&#xf1fb;||fa||900&#8243; icon_color=&#8221;gcid-secondary-color&#8221; _builder_version=&#8221;4.24.3&#8243; _module_preset=&#8221;212b201d-2c34-41bd-936c-851b7357d08b&#8221; locked=&#8221;off&#8221; global_colors_info=&#8221;{%22gcid-body-color%22:%91%22body_text_color%22,%22body_text_color%22%93,%22gcid-heading-color%22:%91%22header_text_color%22,%22header_text_color%22%93,%22gcid-secondary-color%22:%91%22icon_color%22%93}&#8221;]<\/p>\n<p>Brug af termografi til at identificere varmeudslip og isoleringsproblemer i din bolig.<\/p>\n<p>[\/et_pb_blurb][\/et_pb_column][et_pb_column type=&#8221;1_4&#8243; _builder_version=&#8221;4.18.0&#8243; _module_preset=&#8221;73121f80-a3ef-4484-8763-c3f18e3c56d2&#8243; global_colors_info=&#8221;{}&#8221;][et_pb_blurb title=&#8221;Trykpr\u00f8ver af boligen (Blower door)&#8221; use_icon=&#8221;on&#8221; font_icon=&#8221;&#xe012;||divi||400&#8243; icon_color=&#8221;gcid-secondary-color&#8221; _builder_version=&#8221;4.24.3&#8243; _module_preset=&#8221;212b201d-2c34-41bd-936c-851b7357d08b&#8221; locked=&#8221;off&#8221; global_colors_info=&#8221;{%22gcid-body-color%22:%91%22body_text_color%22,%22body_text_color%22%93,%22gcid-heading-color%22:%91%22header_text_color%22,%22header_text_color%22%93,%22gcid-secondary-color%22:%91%22icon_color%22%93}&#8221;]<\/p>\n<p>Test af boligens t\u00e6thed for at identificere luftl\u00e6kager og forbedre energieffektiviteten.<\/p>\n<p>[\/et_pb_blurb][\/et_pb_column][et_pb_column type=&#8221;1_4&#8243; _builder_version=&#8221;4.18.0&#8243; _module_preset=&#8221;73121f80-a3ef-4484-8763-c3f18e3c56d2&#8243; global_colors_info=&#8221;{}&#8221;][et_pb_blurb title=&#8221;Energim\u00e6rke nybyggeri&#8221; use_icon=&#8221;on&#8221; font_icon=&#8221;&#xe065;||fa||900&#8243; icon_color=&#8221;gcid-secondary-color&#8221; _builder_version=&#8221;4.24.3&#8243; _module_preset=&#8221;212b201d-2c34-41bd-936c-851b7357d08b&#8221; locked=&#8221;off&#8221; global_colors_info=&#8221;{%22gcid-body-color%22:%91%22body_text_color%22,%22body_text_color%22%93,%22gcid-heading-color%22:%91%22header_text_color%22,%22header_text_color%22%93,%22gcid-secondary-color%22:%91%22icon_color%22%93}&#8221;]<\/p>\n<p>Specialiseret energim\u00e6rkning for nybyggeri for at sikre overholdelse af energistandarder.<\/p>\n<p>[\/et_pb_blurb][\/et_pb_column][\/et_pb_row][\/et_pb_section][et_pb_section fb_built=&#8221;1&#8243; admin_label=&#8221;About&#8221; _builder_version=&#8221;4.25.1&#8243; _module_preset=&#8221;default&#8221; collapsed=&#8221;on&#8221; global_colors_info=&#8221;{}&#8221;][et_pb_row _builder_version=&#8221;4.25.1&#8243; _module_preset=&#8221;048d8e79-b07f-439b-bd57-f41c14f0a56b&#8221; global_colors_info=&#8221;{}&#8221;][et_pb_column type=&#8221;4_4&#8243; _builder_version=&#8221;4.25.1&#8243; _module_preset=&#8221;default&#8221; global_colors_info=&#8221;{}&#8221;][et_pb_heading title=&#8221;Kontakt os&#8221; _builder_version=&#8221;4.27.0&#8243; _module_preset=&#8221;c33f07d9-41e0-421a-8799-5799df695cce&#8221; global_colors_info=&#8221;{}&#8221;][\/et_pb_heading][et_pb_text _builder_version=&#8221;4.27.0&#8243; _module_preset=&#8221;2c55a9c4-feed-423b-9edb-ae0b5b365cac&#8221; custom_padding=&#8221;||3px|0px||&#8221; global_colors_info=&#8221;{}&#8221;]Er du interesseret i at f\u00e5 en professionel tilstandsrapport af din ejendom eller har du brug for r\u00e5dgivning om vedligeholdelse og energiforbedringer? Kontakt boligtjekskagen.dk i dag for en uforpligtende samtale. Vores eksperter st\u00e5r klar til at hj\u00e6lpe dig med alle dine ejendomsbehov.[\/et_pb_text][\/et_pb_column][\/et_pb_row][et_pb_row column_structure=&#8221;1_3,1_3,1_3&#8243; make_equal=&#8221;on&#8221; _builder_version=&#8221;4.27.0&#8243; _module_preset=&#8221;default&#8221; background_color=&#8221;#FFFFFF&#8221; global_colors_info=&#8221;{}&#8221;][et_pb_column type=&#8221;1_3&#8243; _builder_version=&#8221;4.25.1&#8243; _module_preset=&#8221;default&#8221; global_colors_info=&#8221;{}&#8221;][et_pb_heading title=&#8221;+45 4014 5484&#8243; _builder_version=&#8221;4.25.1&#8243; _module_preset=&#8221;a3805066-8711-43c7-9f62-5782da0e9f7a&#8221; title_font=&#8221;IBM Plex Sans Condensed|IBM Plex Sans Condensed_weight|||||||&#8221; title_text_align=&#8221;center&#8221; title_text_color=&#8221;#111111&#8243; global_colors_info=&#8221;{}&#8221;][\/et_pb_heading][et_pb_icon font_icon=&#8221;&#xe090;||divi||400&#8243; align=&#8221;center&#8221; _builder_version=&#8221;4.27.0&#8243; _module_preset=&#8221;default&#8221; global_colors_info=&#8221;{}&#8221;][\/et_pb_icon][\/et_pb_column][et_pb_column type=&#8221;1_3&#8243; _builder_version=&#8221;4.25.1&#8243; _module_preset=&#8221;default&#8221; global_colors_info=&#8221;{}&#8221;][et_pb_heading title=&#8221;fjo@botjek.dk&#8221; _builder_version=&#8221;4.25.1&#8243; _module_preset=&#8221;a3805066-8711-43c7-9f62-5782da0e9f7a&#8221; title_font=&#8221;IBM Plex Sans Condensed|IBM Plex Sans Condensed_weight|||||||&#8221; title_text_align=&#8221;center&#8221; title_text_color=&#8221;#1d3557&#8243; global_colors_info=&#8221;{%22#1d3557%22:%91%22title_text_color%22%93}&#8221;][\/et_pb_heading][et_pb_icon font_icon=&#8221;&#xe010;||divi||400&#8243; align=&#8221;center&#8221; _builder_version=&#8221;4.27.0&#8243; _module_preset=&#8221;default&#8221; global_colors_info=&#8221;{}&#8221;][\/et_pb_icon][\/et_pb_column][et_pb_column type=&#8221;1_3&#8243; _builder_version=&#8221;4.25.1&#8243; _module_preset=&#8221;default&#8221; global_colors_info=&#8221;{}&#8221;][et_pb_heading title=&#8221;Mj\u00f8lnersvej 24,  9990 Skagen&#8221; _builder_version=&#8221;4.27.0&#8243; _module_preset=&#8221;a3805066-8711-43c7-9f62-5782da0e9f7a&#8221; title_font=&#8221;IBM Plex Sans Condensed|IBM Plex Sans Condensed_weight|||||||&#8221; title_text_align=&#8221;center&#8221; title_text_color=&#8221;#111111&#8243; global_colors_info=&#8221;{}&#8221;][\/et_pb_heading][et_pb_icon font_icon=&#8221;&#xe009;||divi||400&#8243; align=&#8221;center&#8221; _builder_version=&#8221;4.27.0&#8243; _module_preset=&#8221;default&#8221; global_colors_info=&#8221;{}&#8221;][\/et_pb_icon][\/et_pb_column][\/et_pb_row][\/et_pb_section]<\/p>\n","protected":false},"excerpt":{"rendered":"<p>Boligtjekskagen.dk er dedikeret til at levere pr\u00e6cise og p\u00e5lidelige tilstandsrapporter samt r\u00e5dgivningstjenester. Vores mission er at hj\u00e6lpe boligejere med at forst\u00e5 og forbedre deres ejendomme gennem professionelle vurderinger og ekspertise. Vi v\u00e6rds\u00e6tter integritet, kvalitet og kundetilfredshed i alt, hvad vi g\u00f8r.En omfattende rapport, der vurderer din boligs tilstand og identificerer eventuelle problemer.En vurdering af din [&hellip;]<\/p>\n","protected":false},"author":1,"featured_media":0,"parent":0,"menu_order":0,"comment_status":"closed","ping_status":"closed","template":"","meta":{"_et_pb_use_builder":"on","_et_pb_old_content":"","_et_gb_content_width":"","footnotes":""},"class_list":["post-9","page","type-page","status-publish","hentry"],"yoast_head":"<!-- This site is optimized with the Yoast SEO plugin v27.0 - https:\/\/yoast.com\/product\/yoast-seo-wordpress\/ -->\n<title>Boligtjek ApS - boligtjekskagen.dk<\/title>\n<meta name=\"description\" content=\"Boligtjekskagen.dk er dedikeret til at levere pr\u00e6cise og p\u00e5lidelige tilstandsrapporterr samt r\u00e5dgivningstjenester.\" \/>\n<meta name=\"robots\" content=\"index, follow, max-snippet:-1, max-image-preview:large, max-video-preview:-1\" \/>\n<link rel=\"canonical\" href=\"https:\/\/boligtjekskagen.dk\/\" \/>\n<meta property=\"og:locale\" content=\"da_DK\" \/>\n<meta property=\"og:type\" content=\"article\" \/>\n<meta property=\"og:title\" content=\"Boligtjek ApS - boligtjekskagen.dk\" \/>\n<meta property=\"og:description\" content=\"Boligtjekskagen.dk er dedikeret til at levere pr\u00e6cise og p\u00e5lidelige tilstandsrapporterr samt r\u00e5dgivningstjenester.\" \/>\n<meta property=\"og:url\" content=\"https:\/\/boligtjekskagen.dk\/\" \/>\n<meta property=\"og:site_name\" content=\"boligtjekskagen.dk\" \/>\n<meta property=\"article:modified_time\" content=\"2024-10-02T10:39:21+00:00\" \/>\n<meta property=\"og:image\" content=\"https:\/\/boligtjekskagen.dk\/wp-content\/uploads\/2024\/09\/Color-logo-no-background.png\" \/>\n\t<meta property=\"og:image:width\" content=\"3172\" \/>\n\t<meta property=\"og:image:height\" content=\"1891\" \/>\n\t<meta property=\"og:image:type\" content=\"image\/png\" \/>\n<meta name=\"twitter:card\" content=\"summary_large_image\" \/>\n<meta name=\"twitter:label1\" content=\"Estimeret l\u00e6setid\" \/>\n\t<meta name=\"twitter:data1\" content=\"2 minutter\" \/>\n<script type=\"application\/ld+json\" class=\"yoast-schema-graph\">{\"@context\":\"https:\/\/schema.org\",\"@graph\":[{\"@type\":\"WebPage\",\"@id\":\"https:\/\/boligtjekskagen.dk\/\",\"url\":\"https:\/\/boligtjekskagen.dk\/\",\"name\":\"Boligtjek ApS - boligtjekskagen.dk\",\"isPartOf\":{\"@id\":\"https:\/\/boligtjekskagen.dk\/#website\"},\"datePublished\":\"2024-09-17T09:03:46+00:00\",\"dateModified\":\"2024-10-02T10:39:21+00:00\",\"description\":\"Boligtjekskagen.dk er dedikeret til at levere pr\u00e6cise og p\u00e5lidelige tilstandsrapporterr samt r\u00e5dgivningstjenester.\",\"breadcrumb\":{\"@id\":\"https:\/\/boligtjekskagen.dk\/#breadcrumb\"},\"inLanguage\":\"da-DK\",\"potentialAction\":[{\"@type\":\"ReadAction\",\"target\":[\"https:\/\/boligtjekskagen.dk\/\"]}]},{\"@type\":\"BreadcrumbList\",\"@id\":\"https:\/\/boligtjekskagen.dk\/#breadcrumb\",\"itemListElement\":[{\"@type\":\"ListItem\",\"position\":1,\"name\":\"Hjem\",\"item\":\"https:\/\/boligtjekskagen.dk\/\"},{\"@type\":\"ListItem\",\"position\":2,\"name\":\"Boligtjek ApS\"}]},{\"@type\":\"WebSite\",\"@id\":\"https:\/\/boligtjekskagen.dk\/#website\",\"url\":\"https:\/\/boligtjekskagen.dk\/\",\"name\":\"boligtjekskagen.dk\",\"description\":\"\",\"publisher\":{\"@id\":\"https:\/\/boligtjekskagen.dk\/#organization\"},\"potentialAction\":[{\"@type\":\"SearchAction\",\"target\":{\"@type\":\"EntryPoint\",\"urlTemplate\":\"https:\/\/boligtjekskagen.dk\/?s={search_term_string}\"},\"query-input\":{\"@type\":\"PropertyValueSpecification\",\"valueRequired\":true,\"valueName\":\"search_term_string\"}}],\"inLanguage\":\"da-DK\"},{\"@type\":\"Organization\",\"@id\":\"https:\/\/boligtjekskagen.dk\/#organization\",\"name\":\"Boligtjek ApS\",\"alternateName\":\"Boligtjek ApS\",\"url\":\"https:\/\/boligtjekskagen.dk\/\",\"logo\":{\"@type\":\"ImageObject\",\"inLanguage\":\"da-DK\",\"@id\":\"https:\/\/boligtjekskagen.dk\/#\/schema\/logo\/image\/\",\"url\":\"https:\/\/boligtjekskagen.dk\/wp-content\/uploads\/2024\/09\/Color-logo-no-background.png\",\"contentUrl\":\"https:\/\/boligtjekskagen.dk\/wp-content\/uploads\/2024\/09\/Color-logo-no-background.png\",\"width\":3172,\"height\":1891,\"caption\":\"Boligtjek ApS\"},\"image\":{\"@id\":\"https:\/\/boligtjekskagen.dk\/#\/schema\/logo\/image\/\"}}]}<\/script>\n<!-- \/ Yoast SEO plugin. -->","yoast_head_json":{"title":"Boligtjek ApS - boligtjekskagen.dk","description":"Boligtjekskagen.dk er dedikeret til at levere pr\u00e6cise og p\u00e5lidelige tilstandsrapporterr samt r\u00e5dgivningstjenester.","robots":{"index":"index","follow":"follow","max-snippet":"max-snippet:-1","max-image-preview":"max-image-preview:large","max-video-preview":"max-video-preview:-1"},"canonical":"https:\/\/boligtjekskagen.dk\/","og_locale":"da_DK","og_type":"article","og_title":"Boligtjek ApS - boligtjekskagen.dk","og_description":"Boligtjekskagen.dk er dedikeret til at levere pr\u00e6cise og p\u00e5lidelige tilstandsrapporterr samt r\u00e5dgivningstjenester.","og_url":"https:\/\/boligtjekskagen.dk\/","og_site_name":"boligtjekskagen.dk","article_modified_time":"2024-10-02T10:39:21+00:00","og_image":[{"width":3172,"height":1891,"url":"https:\/\/boligtjekskagen.dk\/wp-content\/uploads\/2024\/09\/Color-logo-no-background.png","type":"image\/png"}],"twitter_card":"summary_large_image","twitter_misc":{"Estimeret l\u00e6setid":"2 minutter"},"schema":{"@context":"https:\/\/schema.org","@graph":[{"@type":"WebPage","@id":"https:\/\/boligtjekskagen.dk\/","url":"https:\/\/boligtjekskagen.dk\/","name":"Boligtjek ApS - boligtjekskagen.dk","isPartOf":{"@id":"https:\/\/boligtjekskagen.dk\/#website"},"datePublished":"2024-09-17T09:03:46+00:00","dateModified":"2024-10-02T10:39:21+00:00","description":"Boligtjekskagen.dk er dedikeret til at levere pr\u00e6cise og p\u00e5lidelige tilstandsrapporterr samt r\u00e5dgivningstjenester.","breadcrumb":{"@id":"https:\/\/boligtjekskagen.dk\/#breadcrumb"},"inLanguage":"da-DK","potentialAction":[{"@type":"ReadAction","target":["https:\/\/boligtjekskagen.dk\/"]}]},{"@type":"BreadcrumbList","@id":"https:\/\/boligtjekskagen.dk\/#breadcrumb","itemListElement":[{"@type":"ListItem","position":1,"name":"Hjem","item":"https:\/\/boligtjekskagen.dk\/"},{"@type":"ListItem","position":2,"name":"Boligtjek ApS"}]},{"@type":"WebSite","@id":"https:\/\/boligtjekskagen.dk\/#website","url":"https:\/\/boligtjekskagen.dk\/","name":"boligtjekskagen.dk","description":"","publisher":{"@id":"https:\/\/boligtjekskagen.dk\/#organization"},"potentialAction":[{"@type":"SearchAction","target":{"@type":"EntryPoint","urlTemplate":"https:\/\/boligtjekskagen.dk\/?s={search_term_string}"},"query-input":{"@type":"PropertyValueSpecification","valueRequired":true,"valueName":"search_term_string"}}],"inLanguage":"da-DK"},{"@type":"Organization","@id":"https:\/\/boligtjekskagen.dk\/#organization","name":"Boligtjek ApS","alternateName":"Boligtjek ApS","url":"https:\/\/boligtjekskagen.dk\/","logo":{"@type":"ImageObject","inLanguage":"da-DK","@id":"https:\/\/boligtjekskagen.dk\/#\/schema\/logo\/image\/","url":"https:\/\/boligtjekskagen.dk\/wp-content\/uploads\/2024\/09\/Color-logo-no-background.png","contentUrl":"https:\/\/boligtjekskagen.dk\/wp-content\/uploads\/2024\/09\/Color-logo-no-background.png","width":3172,"height":1891,"caption":"Boligtjek ApS"},"image":{"@id":"https:\/\/boligtjekskagen.dk\/#\/schema\/logo\/image\/"}}]}},"_links":{"self":[{"href":"https:\/\/boligtjekskagen.dk\/index.php\/wp-json\/wp\/v2\/pages\/9","targetHints":{"allow":["GET"]}}],"collection":[{"href":"https:\/\/boligtjekskagen.dk\/index.php\/wp-json\/wp\/v2\/pages"}],"about":[{"href":"https:\/\/boligtjekskagen.dk\/index.php\/wp-json\/wp\/v2\/types\/page"}],"author":[{"embeddable":true,"href":"https:\/\/boligtjekskagen.dk\/index.php\/wp-json\/wp\/v2\/users\/1"}],"replies":[{"embeddable":true,"href":"https:\/\/boligtjekskagen.dk\/index.php\/wp-json\/wp\/v2\/comments?post=9"}],"version-history":[{"count":17,"href":"https:\/\/boligtjekskagen.dk\/index.php\/wp-json\/wp\/v2\/pages\/9\/revisions"}],"predecessor-version":[{"id":87,"href":"https:\/\/boligtjekskagen.dk\/index.php\/wp-json\/wp\/v2\/pages\/9\/revisions\/87"}],"wp:attachment":[{"href":"https:\/\/boligtjekskagen.dk\/index.php\/wp-json\/wp\/v2\/media?parent=9"}],"curies":[{"name":"wp","href":"https:\/\/api.w.org\/{rel}","templated":true}]}}